{"id":51,"date":"2023-05-04T14:50:59","date_gmt":"2023-05-04T14:50:59","guid":{"rendered":"https:\/\/schlossbergkinder.de\/?page_id=51"},"modified":"2026-02-02T09:27:58","modified_gmt":"2026-02-02T09:27:58","slug":"melanie-lombardi","status":"publish","type":"page","link":"https:\/\/schlossbergkinder.de\/?page_id=51","title":{"rendered":"Melanie Lombardi"},"content":{"rendered":"<div class=\"wp-block-image\">\n<figure class=\"aligncenter size-full is-resized\" id=\"block-a19b47e7-cfa0-47f4-af9e-8c7136c4a482\"><img loading=\"lazy\" decoding=\"async\" width=\"1024\" height=\"1024\" src=\"https:\/\/schlossbergkinder.de\/wp-content\/uploads\/2023\/05\/melanie-1024x1024-1.jpg\" alt=\"\" class=\"wp-image-52\" style=\"width:256px;height:256px\" srcset=\"https:\/\/schlossbergkinder.de\/wp-content\/uploads\/2023\/05\/melanie-1024x1024-1.jpg 1024w, https:\/\/schlossbergkinder.de\/wp-content\/uploads\/2023\/05\/melanie-1024x1024-1-300x300.jpg 300w, https:\/\/schlossbergkinder.de\/wp-content\/uploads\/2023\/05\/melanie-1024x1024-1-150x150.jpg 150w, https:\/\/schlossbergkinder.de\/wp-content\/uploads\/2023\/05\/melanie-1024x1024-1-768x768.jpg 768w\" sizes=\"auto, (max-width: 1024px) 100vw, 1024px\" \/><\/figure>\n<\/div>\n\n\n<p id=\"block-efa5bd6e-a401-4bd0-8e16-04d0da218121\">Ich, Melanie Lombardi, m\u00f6chte mich bei euch vor allem als dreifache Mama mit zwei begeisterten und gepr\u00e4gten Waldkindern vorstellen. Auch unsere zweite Tochter wird diesen Weg gehen d\u00fcrfen.<\/p>\n\n\n\n<p>Als mein Mann und ich uns f\u00fcr die Betreuung unseres damals 3-j\u00e4hrigen Sohns entschieden haben, ging erst ein dreiw\u00f6chiger Besuch eines Regelkindergartens voran.<br>Mit nicht \u00fcbereinstimmenden p\u00e4dagogischen Ans\u00e4tzen, blieb uns der t\u00e4gliche Weg \u2013 eine jeweils 20-min\u00fctige Hinfahrt \u2013 zum n\u00e4chstgelegenen Waldkindergarten nicht erspart. Auch unsere Tochter durfte ihre Zeit im Wald genie\u00dfen.&nbsp;Beide sind mittlerweile in der Schule. Nicht einmal haben wir diese Entscheidung bereut. Mit dieser Haltung und der festen \u00dcberzeugung, dass das der richtige Weg ist ein Kind bestm\u00f6glich auf dieses Leben vorzubereiten, war es mir schon lange ein Anliegen mehr Kindern einen Wald- und Naturkindergarten zu erm\u00f6glichen.<\/p>\n\n\n\n<p>Mit meinem beruflichen Hintergrund habe ich vor meinen Kindern die meiste Zeit auf Flugh\u00e4fen rund um den Erdball verbracht und sp\u00e4ter dann mit meinem Mann den \u201eKulturWirt\u201c, sowie \u201edas PizzaHandwerk\u201c in Egglham gegr\u00fcndet, wo ich in der Gesch\u00e4ftsf\u00fchrung t\u00e4tig bin.<\/p>\n\n\n\n<p>Schon vor Jahren hatte ich dieses Projekt im Auge, informierte mich bei den zust\u00e4ndigen \u00c4mtern, aber mir erschien es schwierig alleine dieses Vorhaben anzugreifen.<\/p>\n\n\n\n<p>Zum Gl\u00fcck hat sich im Winter 2018 bei einem Lagerfeuergespr\u00e4ch der Austausch mit Uli ergeben und wir haben festgestellt dieselbe Vision vor Augen zu haben.\u00a0<br><br>Uli als Sozialp\u00e4dagoge konnte die n\u00f6tige fachliche Kompetenz einbringen, mit welcher mein Herzensprojekt Formen annahm. Nach vielen Beh\u00f6rdeng\u00e4ngen und durchaus erm\u00fcdenden H\u00fcrden, konnten wir voller Freude im September 2020 unseren ersten -von mittlerweile vier- Wald- und Naturkindergarten &#8222;Schlossbergkinder&#8220; er\u00f6ffnen. <br><br>Ich freue mich auf die gemeinsame Zeit mit euren Kindern und euch als Eltern und sp\u00fcre eine tiefe Verbundenheit mit unserem Schlossberg, in welchem ich schon meine eigene Kindheit mit vielen wunderbaren Erinnerungen verbringen durfte.\u00a0<br><br>Hier gilt mein ganz besonderer Dank den Waldbesitzern, der Familie Loher (meiner Zweitfamilie als Kind) und deren Tochter (meiner l\u00e4ngsten Freundin Kathrin) ohne die dieses Projekt nicht m\u00f6glich w\u00e4re.<br><br>Auf bald, im Wald!<br><br>Herzlichst, Melanie\u00a0<\/p>\n","protected":false},"excerpt":{"rendered":"<p>Ich, Melanie Lombardi, m\u00f6chte mich bei euch vor allem als dreifache Mama mit zwei begeisterten und gepr\u00e4gten Waldkindern vorstellen. Auch unsere zweite Tochter wird diesen Weg gehen d\u00fcrfen. Als mein Mann und ich uns f\u00fcr die Betreuung unseres damals 3-j\u00e4hrigen Sohns entschieden haben, ging erst ein dreiw\u00f6chiger Besuch eines Regelkindergartens voran.Mit nicht \u00fcbereinstimmenden p\u00e4dagogischen Ans\u00e4tzen, blieb uns der t\u00e4gliche Weg \u2013 eine jeweils 20-min\u00fctige Hinfahrt \u2013 zum n\u00e4chstgelegenen Waldkindergarten nicht erspart. Auch unsere Tochter durfte ihre Zeit im Wald genie\u00dfen.&nbsp;Beide sind mittlerweile in der Schule. Nicht einmal haben wir diese Entscheidung bereut. Mit dieser Haltung und der festen \u00dcberzeugung, dass das der richtige Weg ist ein Kind bestm\u00f6glich auf dieses Leben vorzubereiten, war es mir schon lange ein Anliegen mehr Kindern einen Wald- und Naturkindergarten zu erm\u00f6glichen. Mit meinem beruflichen Hintergrund habe ich vor meinen Kindern die meiste Zeit auf Flugh\u00e4fen rund um den Erdball verbracht und sp\u00e4ter dann mit meinem Mann den \u201eKulturWirt\u201c, sowie \u201edas PizzaHandwerk\u201c in Egglham gegr\u00fcndet, wo ich in der Gesch\u00e4ftsf\u00fchrung t\u00e4tig bin. Schon vor Jahren hatte ich dieses Projekt im Auge, informierte mich bei den zust\u00e4ndigen \u00c4mtern, aber mir erschien es schwierig alleine dieses Vorhaben anzugreifen. Zum Gl\u00fcck hat sich im Winter 2018 bei einem Lagerfeuergespr\u00e4ch der Austausch mit Uli ergeben und wir haben festgestellt dieselbe Vision vor Augen zu haben.\u00a0Uli als Sozialp\u00e4dagoge konnte die n\u00f6tige fachliche Kompetenz einbringen, mit welcher mein Herzensprojekt Formen annahm. Nach vielen Beh\u00f6rdeng\u00e4ngen und durchaus erm\u00fcdenden H\u00fcrden, konnten wir voller Freude im September 2020 unseren ersten -von mittlerweile vier- Wald- und Naturkindergarten &#8222;Schlossbergkinder&#8220; er\u00f6ffnen. Ich freue mich auf die gemeinsame Zeit mit euren Kindern und euch als Eltern und sp\u00fcre eine tiefe Verbundenheit mit unserem Schlossberg, in welchem ich schon meine eigene Kindheit mit vielen wunderbaren Erinnerungen verbringen durfte.\u00a0Hier gilt mein ganz besonderer Dank den Waldbesitzern, der Familie Loher (meiner Zweitfamilie als Kind) und deren Tochter (meiner l\u00e4ngsten Freundin Kathrin) ohne die dieses Projekt nicht m\u00f6glich w\u00e4re.Auf bald, im Wald!Herzlichst, Melanie\u00a0<\/p>\n","protected":false},"author":1,"featured_media":0,"parent":0,"menu_order":0,"comment_status":"closed","ping_status":"closed","template":"","meta":{"footnotes":""},"class_list":["post-51","page","type-page","status-publish","hentry"],"_links":{"self":[{"href":"https:\/\/schlossbergkinder.de\/index.php?rest_route=\/wp\/v2\/pages\/51","targetHints":{"allow":["GET"]}}],"collection":[{"href":"https:\/\/schlossbergkinder.de\/index.php?rest_route=\/wp\/v2\/pages"}],"about":[{"href":"https:\/\/schlossbergkinder.de\/index.php?rest_route=\/wp\/v2\/types\/page"}],"author":[{"embeddable":true,"href":"https:\/\/schlossbergkinder.de\/index.php?rest_route=\/wp\/v2\/users\/1"}],"replies":[{"embeddable":true,"href":"https:\/\/schlossbergkinder.de\/index.php?rest_route=%2Fwp%2Fv2%2Fcomments&post=51"}],"version-history":[{"count":9,"href":"https:\/\/schlossbergkinder.de\/index.php?rest_route=\/wp\/v2\/pages\/51\/revisions"}],"predecessor-version":[{"id":310,"href":"https:\/\/schlossbergkinder.de\/index.php?rest_route=\/wp\/v2\/pages\/51\/revisions\/310"}],"wp:attachment":[{"href":"https:\/\/schlossbergkinder.de\/index.php?rest_route=%2Fwp%2Fv2%2Fmedia&parent=51"}],"curies":[{"name":"wp","href":"https:\/\/api.w.org\/{rel}","templated":true}]}}