{"id":58,"date":"2023-05-04T14:57:18","date_gmt":"2023-05-04T14:57:18","guid":{"rendered":"https:\/\/schlossbergkinder.de\/?page_id=58"},"modified":"2026-02-02T09:47:21","modified_gmt":"2026-02-02T09:47:21","slug":"team","status":"publish","type":"page","link":"https:\/\/schlossbergkinder.de\/?page_id=58","title":{"rendered":"Team"},"content":{"rendered":"\n<div class=\"wp-block-columns is-layout-flex wp-container-core-columns-is-layout-9d6595d7 wp-block-columns-is-layout-flex\">\n<div class=\"wp-block-column is-layout-flow wp-block-column-is-layout-flow\">\n<figure class=\"wp-block-image size-large\"><img loading=\"lazy\" decoding=\"async\" width=\"683\" height=\"1024\" src=\"https:\/\/schlossbergkinder.de\/wp-content\/uploads\/2026\/02\/25027-S-198-683x1024.jpg\" alt=\"\" class=\"wp-image-313\" srcset=\"https:\/\/schlossbergkinder.de\/wp-content\/uploads\/2026\/02\/25027-S-198-683x1024.jpg 683w, https:\/\/schlossbergkinder.de\/wp-content\/uploads\/2026\/02\/25027-S-198-200x300.jpg 200w, https:\/\/schlossbergkinder.de\/wp-content\/uploads\/2026\/02\/25027-S-198-768x1152.jpg 768w, https:\/\/schlossbergkinder.de\/wp-content\/uploads\/2026\/02\/25027-S-198-1024x1536.jpg 1024w, https:\/\/schlossbergkinder.de\/wp-content\/uploads\/2026\/02\/25027-S-198-1365x2048.jpg 1365w, https:\/\/schlossbergkinder.de\/wp-content\/uploads\/2026\/02\/25027-S-198-scaled.jpg 1706w\" sizes=\"auto, (max-width: 683px) 100vw, 683px\" \/><\/figure>\n<\/div>\n\n\n\n<div class=\"wp-block-column is-layout-flow wp-block-column-is-layout-flow\">\n<p><strong>Theresa Becker, <\/strong><br><strong>Erzieherin &#8211; Leitung<\/strong><\/p>\n\n\n\n<p>Ehrlich gesagt konnte ich mir fr\u00fcher nie vorstellen, dass ich einmal in einem Waldkindergarten arbeiten werde, aber mittlerweile kann ich es mir nicht mehr vorstellen in einem mit vier W\u00e4nden zu arbeiten.&nbsp;Was mir am Wald so Spa\u00df macht? Die Jahreszeiten mit allen Sinnen zu erleben, im Einklang der Natur und der Witterung zu planen, matschen und mich mit den Kindern frei bewegen zu k\u00f6nnen. Und noch so vieles mehr\u2026<\/p>\n<\/div>\n\n\n\n<div class=\"wp-block-column is-layout-flow wp-block-column-is-layout-flow\"><\/div>\n<\/div>\n\n\n\n<div class=\"wp-block-columns is-layout-flex wp-container-core-columns-is-layout-9d6595d7 wp-block-columns-is-layout-flex\">\n<div class=\"wp-block-column is-layout-flow wp-block-column-is-layout-flow\"><\/div>\n\n\n\n<div class=\"wp-block-column is-layout-flow wp-block-column-is-layout-flow\"><\/div>\n\n\n\n<div class=\"wp-block-column is-layout-flow wp-block-column-is-layout-flow\"><\/div>\n<\/div>\n\n\n\n<hr class=\"wp-block-separator has-alpha-channel-opacity\"\/>\n\n\n\n<div class=\"wp-block-columns is-layout-flex wp-container-core-columns-is-layout-9d6595d7 wp-block-columns-is-layout-flex\">\n<div class=\"wp-block-column is-layout-flow wp-block-column-is-layout-flow\">\n<figure class=\"wp-block-image size-large\"><img loading=\"lazy\" decoding=\"async\" width=\"683\" height=\"1024\" src=\"https:\/\/schlossbergkinder.de\/wp-content\/uploads\/2026\/02\/25027-S-199-683x1024.jpg\" alt=\"\" class=\"wp-image-312\" srcset=\"https:\/\/schlossbergkinder.de\/wp-content\/uploads\/2026\/02\/25027-S-199-683x1024.jpg 683w, https:\/\/schlossbergkinder.de\/wp-content\/uploads\/2026\/02\/25027-S-199-200x300.jpg 200w, https:\/\/schlossbergkinder.de\/wp-content\/uploads\/2026\/02\/25027-S-199-768x1152.jpg 768w, https:\/\/schlossbergkinder.de\/wp-content\/uploads\/2026\/02\/25027-S-199-1024x1536.jpg 1024w, https:\/\/schlossbergkinder.de\/wp-content\/uploads\/2026\/02\/25027-S-199-1365x2048.jpg 1365w, https:\/\/schlossbergkinder.de\/wp-content\/uploads\/2026\/02\/25027-S-199-scaled.jpg 1707w\" sizes=\"auto, (max-width: 683px) 100vw, 683px\" \/><\/figure>\n<\/div>\n\n\n\n<div class=\"wp-block-column is-layout-flow wp-block-column-is-layout-flow\">\n<p><strong>Franziska Graber,<\/strong><br><strong><strong>Erzieherin<\/strong><\/strong><\/p>\n\n\n\n<p>Durch mein Berufspraktikum welches ich im Natur- und Waldkindergarten absolvierte, durfte ich den Wald kennen und lieben lernen.&nbsp;<\/p>\n\n\n\n<p>Mich fasziniert besonders die Vielf\u00e4ltigkeit der Natur und diese detailliert mit den Kindern zu erleben.<\/p>\n\n\n\n<p>Ich freue mich jeden Tag darauf die Kinder dabei zu beobachten, unterst\u00fctzen und mit ihnen gemeinsam zu wachsen.<\/p>\n<\/div>\n\n\n\n<div class=\"wp-block-column is-layout-flow wp-block-column-is-layout-flow\">\n<p><\/p>\n\n\n\n<p><\/p>\n<\/div>\n<\/div>\n\n\n\n<hr class=\"wp-block-separator has-alpha-channel-opacity\"\/>\n\n\n\n<div class=\"wp-block-columns are-vertically-aligned-top is-layout-flex wp-container-core-columns-is-layout-9d6595d7 wp-block-columns-is-layout-flex\">\n<div class=\"wp-block-column is-vertically-aligned-top is-layout-flow wp-block-column-is-layout-flow\">\n<figure class=\"wp-block-image size-large\"><img loading=\"lazy\" decoding=\"async\" width=\"683\" height=\"1024\" src=\"https:\/\/schlossbergkinder.de\/wp-content\/uploads\/2026\/02\/25027-S-202-683x1024.jpg\" alt=\"\" class=\"wp-image-311\" srcset=\"https:\/\/schlossbergkinder.de\/wp-content\/uploads\/2026\/02\/25027-S-202-683x1024.jpg 683w, https:\/\/schlossbergkinder.de\/wp-content\/uploads\/2026\/02\/25027-S-202-200x300.jpg 200w, https:\/\/schlossbergkinder.de\/wp-content\/uploads\/2026\/02\/25027-S-202-768x1152.jpg 768w, https:\/\/schlossbergkinder.de\/wp-content\/uploads\/2026\/02\/25027-S-202-1024x1536.jpg 1024w, https:\/\/schlossbergkinder.de\/wp-content\/uploads\/2026\/02\/25027-S-202-1365x2048.jpg 1365w, https:\/\/schlossbergkinder.de\/wp-content\/uploads\/2026\/02\/25027-S-202-scaled.jpg 1707w\" sizes=\"auto, (max-width: 683px) 100vw, 683px\" \/><\/figure>\n<\/div>\n\n\n\n<div class=\"wp-block-column is-vertically-aligned-top is-layout-flow wp-block-column-is-layout-flow\">\n<p><strong>Theresa Weidinger<\/strong>,<br><strong>Erzieherin<\/strong><\/p>\n\n\n\n<p>Durch meine Ausbildung konnte ich verschiedene Konzeptionen im Elementarbereich kennenlernen. Somit habe ich mich \u00fcberwunden und bin in den Natur,- und Waldkindergarten gegangen.<\/p>\n\n\n\n<p>Mich fasziniert es wie Kinder ohne industrielle Spielsachen aufwachsen k\u00f6nnen und wie sie gegen\u00fcber der Natur Achtsamkeit entwickeln. Auch die strahlenden Kinderaugen zu sehen, wenn sie in der Natur matschen und toben macht mich gl\u00fccklich.<\/p>\n\n\n\n<p>Ich freue mich, die Kinder bei ihrer individuellen Entwicklung begleiten zu d\u00fcrfen.<\/p>\n<\/div>\n\n\n\n<div class=\"wp-block-column is-vertically-aligned-top is-layout-flow wp-block-column-is-layout-flow\"><\/div>\n<\/div>\n\n\n\n<hr class=\"wp-block-separator has-alpha-channel-opacity\"\/>\n\n\n\n<div class=\"wp-block-columns is-layout-flex wp-container-core-columns-is-layout-9d6595d7 wp-block-columns-is-layout-flex\">\n<div class=\"wp-block-column is-layout-flow wp-block-column-is-layout-flow\">\n<figure class=\"wp-block-image size-full\"><img loading=\"lazy\" decoding=\"async\" width=\"325\" height=\"418\" src=\"https:\/\/schlossbergkinder.de\/wp-content\/uploads\/2026\/02\/Johanna-Grossschedl.jpeg\" alt=\"\" class=\"wp-image-315\" srcset=\"https:\/\/schlossbergkinder.de\/wp-content\/uploads\/2026\/02\/Johanna-Grossschedl.jpeg 325w, https:\/\/schlossbergkinder.de\/wp-content\/uploads\/2026\/02\/Johanna-Grossschedl-233x300.jpeg 233w\" sizes=\"auto, (max-width: 325px) 100vw, 325px\" \/><\/figure>\n<\/div>\n\n\n\n<div class=\"wp-block-column is-layout-flow wp-block-column-is-layout-flow\">\n<p><strong>Johanna Gro\u00dfschedl<\/strong>,<br><strong>Kinderpflegerin<\/strong><\/p>\n\n\n\n<p>Als Kind hatte ich selber so viel Spa\u00df und Freude daran, in der Natur und im Wald zu sein.&nbsp;Ich war drau\u00dfen wann immer es ging.<\/p>\n\n\n\n<p>Nachdem ich einige Jahre in einem Hauskindergarten gearbeitet habe, merkte ich, dass mir etwas fehlt.&nbsp;<\/p>\n\n\n\n<p>Auch durch meine Kinderyoga-Ausbildung habe ich mich dann getraut etwas zu ver\u00e4ndern und den Schritt in den Wald zu wagen, da beim Kinderyoga die Verbindung zur Natur, zu sich selbst und zu anderen Lebewesen, eine gro\u00dfe Rolle spielt.<\/p>\n\n\n\n<p>Ich liebe es, die strahlenden Augen der Kinder zu sehen, wenn sie mit allen Sinnen ihre Umgebung entdecken k\u00f6nnen und voller Neugier den richtigen Umgang mit der Natur erlernen.<\/p>\n\n\n\n<p>Es ist sch\u00f6n zu sehen wie die Kinder kreativ werden und sich in ihrer eigenen Welt mit der Natur verbinden.<\/p>\n<\/div>\n\n\n\n<div class=\"wp-block-column is-layout-flow wp-block-column-is-layout-flow\"><\/div>\n<\/div>\n","protected":false},"excerpt":{"rendered":"<p>Theresa Becker, Erzieherin &#8211; Leitung Ehrlich gesagt konnte ich mir fr\u00fcher nie vorstellen, dass ich einmal in einem Waldkindergarten arbeiten werde, aber mittlerweile kann ich es mir nicht mehr vorstellen in einem mit vier W\u00e4nden zu arbeiten.&nbsp;Was mir am Wald so Spa\u00df macht? Die Jahreszeiten mit allen Sinnen zu erleben, im Einklang der Natur und der Witterung zu planen, matschen und mich mit den Kindern frei bewegen zu k\u00f6nnen. Und noch so vieles mehr\u2026 Franziska Graber,Erzieherin Durch mein Berufspraktikum welches ich im Natur- und Waldkindergarten absolvierte, durfte ich den Wald kennen und lieben lernen.&nbsp; Mich fasziniert besonders die Vielf\u00e4ltigkeit der Natur und diese detailliert mit den Kindern zu erleben. Ich freue mich jeden Tag darauf die Kinder dabei zu beobachten, unterst\u00fctzen und mit ihnen gemeinsam zu wachsen. Theresa Weidinger,Erzieherin Durch meine Ausbildung konnte ich verschiedene Konzeptionen im Elementarbereich kennenlernen. Somit habe ich mich \u00fcberwunden und bin in den Natur,- und Waldkindergarten gegangen. Mich fasziniert es wie Kinder ohne industrielle Spielsachen aufwachsen k\u00f6nnen und wie sie gegen\u00fcber der Natur Achtsamkeit entwickeln. Auch die strahlenden Kinderaugen zu sehen, wenn sie in der Natur matschen und toben macht mich gl\u00fccklich. Ich freue mich, die Kinder bei ihrer individuellen Entwicklung begleiten zu d\u00fcrfen. Johanna Gro\u00dfschedl,Kinderpflegerin Als Kind hatte ich selber so viel Spa\u00df und Freude daran, in der Natur und im Wald zu sein.&nbsp;Ich war drau\u00dfen wann immer es ging. Nachdem ich einige Jahre in einem Hauskindergarten gearbeitet habe, merkte ich, dass mir etwas fehlt.&nbsp; Auch durch meine Kinderyoga-Ausbildung habe ich mich dann getraut etwas zu ver\u00e4ndern und den Schritt in den Wald zu wagen, da beim Kinderyoga die Verbindung zur Natur, zu sich selbst und zu anderen Lebewesen, eine gro\u00dfe Rolle spielt. Ich liebe es, die strahlenden Augen der Kinder zu sehen, wenn sie mit allen Sinnen ihre Umgebung entdecken k\u00f6nnen und voller Neugier den richtigen Umgang mit der Natur erlernen. Es ist sch\u00f6n zu sehen wie die Kinder kreativ werden und sich in ihrer eigenen Welt mit der Natur verbinden.<\/p>\n","protected":false},"author":1,"featured_media":0,"parent":0,"menu_order":0,"comment_status":"closed","ping_status":"closed","template":"","meta":{"footnotes":""},"class_list":["post-58","page","type-page","status-publish","hentry"],"_links":{"self":[{"href":"https:\/\/schlossbergkinder.de\/index.php?rest_route=\/wp\/v2\/pages\/58","targetHints":{"allow":["GET"]}}],"collection":[{"href":"https:\/\/schlossbergkinder.de\/index.php?rest_route=\/wp\/v2\/pages"}],"about":[{"href":"https:\/\/schlossbergkinder.de\/index.php?rest_route=\/wp\/v2\/types\/page"}],"author":[{"embeddable":true,"href":"https:\/\/schlossbergkinder.de\/index.php?rest_route=\/wp\/v2\/users\/1"}],"replies":[{"embeddable":true,"href":"https:\/\/schlossbergkinder.de\/index.php?rest_route=%2Fwp%2Fv2%2Fcomments&post=58"}],"version-history":[{"count":12,"href":"https:\/\/schlossbergkinder.de\/index.php?rest_route=\/wp\/v2\/pages\/58\/revisions"}],"predecessor-version":[{"id":316,"href":"https:\/\/schlossbergkinder.de\/index.php?rest_route=\/wp\/v2\/pages\/58\/revisions\/316"}],"wp:attachment":[{"href":"https:\/\/schlossbergkinder.de\/index.php?rest_route=%2Fwp%2Fv2%2Fmedia&parent=58"}],"curies":[{"name":"wp","href":"https:\/\/api.w.org\/{rel}","templated":true}]}}