{"id":65,"date":"2023-05-04T15:00:48","date_gmt":"2023-05-04T15:00:48","guid":{"rendered":"https:\/\/schlossbergkinder.de\/?page_id=65"},"modified":"2025-04-02T19:08:31","modified_gmt":"2025-04-02T19:08:31","slug":"voranmeldung","status":"publish","type":"page","link":"https:\/\/schlossbergkinder.de\/?page_id=65","title":{"rendered":"Voranmeldung"},"content":{"rendered":"\n<p>Da unsere Kindergartenpl\u00e4tze bei einer Gruppe von 25 Kindern sehr begrenzt sind, k\u00f6nnen wir keine verbindlichen Zusagen treffen.<br>Erst zu Beginn des Jahres werden die Betreuungsvertr\u00e4ge f\u00fcr das kommende Kindergartenjahr versendet. Hier steht meist fest, wieviele Kinder eingeschult und somit Pl\u00e4tze frei werden.<\/p>\n\n\n\n<p>Haben Sie Interesse ihr Kind anzumelden, dann f\u00fcllen Sie bitte unverbindlich dieses Formular aus:<\/p>\n\n\n\n<div class=\"wp-block-file\"><a id=\"wp-block-file--media-96f8ad01-7765-4cb8-91ef-0b2adb212d40\" href=\"https:\/\/schlossbergkinder.de\/wp-content\/uploads\/2025\/04\/VORANMELDUNG.pdf\" target=\"_blank\" rel=\"noreferrer noopener\">VORANMELDUNG<\/a><a href=\"https:\/\/schlossbergkinder.de\/wp-content\/uploads\/2025\/04\/VORANMELDUNG.pdf\" class=\"wp-block-file__button wp-element-button\" download aria-describedby=\"wp-block-file--media-96f8ad01-7765-4cb8-91ef-0b2adb212d40\">Herunterladen<\/a><\/div>\n\n\n\n<p>Bitte per Post an: <br>Lombardi &amp; Becker GbR<br>Firmensitz H\u00f6henberg 19<br>84378 N\u00f6ham \/ Dietersburg<\/p>\n","protected":false},"excerpt":{"rendered":"<p>Da unsere Kindergartenpl\u00e4tze bei einer Gruppe von 25 Kindern sehr begrenzt sind, k\u00f6nnen wir keine verbindlichen Zusagen treffen.Erst zu Beginn des Jahres werden die Betreuungsvertr\u00e4ge f\u00fcr das kommende Kindergartenjahr versendet. Hier steht meist fest, wieviele Kinder eingeschult und somit Pl\u00e4tze frei werden. Haben Sie Interesse ihr Kind anzumelden, dann f\u00fcllen Sie bitte unverbindlich dieses Formular aus: VORANMELDUNGHerunterladen Bitte per Post an: Lombardi &amp; Becker GbRFirmensitz H\u00f6henberg 1984378 N\u00f6ham \/ Dietersburg<\/p>\n","protected":false},"author":1,"featured_media":0,"parent":0,"menu_order":0,"comment_status":"closed","ping_status":"closed","template":"","meta":{"footnotes":""},"class_list":["post-65","page","type-page","status-publish","hentry"],"_links":{"self":[{"href":"https:\/\/schlossbergkinder.de\/index.php?rest_route=\/wp\/v2\/pages\/65","targetHints":{"allow":["GET"]}}],"collection":[{"href":"https:\/\/schlossbergkinder.de\/index.php?rest_route=\/wp\/v2\/pages"}],"about":[{"href":"https:\/\/schlossbergkinder.de\/index.php?rest_route=\/wp\/v2\/types\/page"}],"author":[{"embeddable":true,"href":"https:\/\/schlossbergkinder.de\/index.php?rest_route=\/wp\/v2\/users\/1"}],"replies":[{"embeddable":true,"href":"https:\/\/schlossbergkinder.de\/index.php?rest_route=%2Fwp%2Fv2%2Fcomments&post=65"}],"version-history":[{"count":7,"href":"https:\/\/schlossbergkinder.de\/index.php?rest_route=\/wp\/v2\/pages\/65\/revisions"}],"predecessor-version":[{"id":300,"href":"https:\/\/schlossbergkinder.de\/index.php?rest_route=\/wp\/v2\/pages\/65\/revisions\/300"}],"wp:attachment":[{"href":"https:\/\/schlossbergkinder.de\/index.php?rest_route=%2Fwp%2Fv2%2Fmedia&parent=65"}],"curies":[{"name":"wp","href":"https:\/\/api.w.org\/{rel}","templated":true}]}}