{"id":72,"date":"2023-05-04T15:09:23","date_gmt":"2023-05-04T15:09:23","guid":{"rendered":"https:\/\/schlossbergkinder.de\/?page_id=72"},"modified":"2023-05-04T15:09:46","modified_gmt":"2023-05-04T15:09:46","slug":"so-koennt-ihr-uns-unterstuetzen","status":"publish","type":"page","link":"https:\/\/schlossbergkinder.de\/?page_id=72","title":{"rendered":"So k\u00f6nnt Ihr uns unterst\u00fctzen"},"content":{"rendered":"\n<div class=\"wp-block-file\"><a id=\"wp-block-file--media-796967cc-3a87-40b2-9b97-24c7b80a293c\" href=\"https:\/\/schlossbergkinder.de\/wp-content\/uploads\/2023\/05\/Sponsering.pdf\">Sponsering<\/a><a href=\"https:\/\/schlossbergkinder.de\/wp-content\/uploads\/2023\/05\/Sponsering.pdf\" class=\"wp-block-file__button wp-element-button\" download aria-describedby=\"wp-block-file--media-796967cc-3a87-40b2-9b97-24c7b80a293c\">Herunterladen<\/a><\/div>\n\n\n\n<p>Liebe Interessierte unseres&nbsp;Wald- und Naturkindergarten Schlossbergkinder,&nbsp;wir freuen uns, dass Sie \u00fcber die Unterst\u00fctzung unseres Projektes nachdenken.<\/p>\n\n\n\n<p>Da wir von Seiten der Kommunen keine Investitionskostenunterst\u00fctzung unserer Notunterkunft bekommen sind wir auf die Unterst\u00fctzung von Sponsoren angewiesen.<br>Sie erhalten von uns eine Rechnung f\u00fcr Sponsoring, die sie dann beim Finanzamt als Ausgaben geltend machen k\u00f6nnen.<\/p>\n\n\n\n<p>Vor allem unsere Notunterkunft verschlingt hohe Kosten. Wir sind verpflichtet f\u00fcr jedes Kind&nbsp;mindestens&nbsp;1,5 m2&nbsp;an Raum zur Verf\u00fcgung zu stellen. Bei einer Gruppenzulassung von 25 Kindern hat unsere Schutzh\u00fctte \u00fcber 40 m2.<\/p>\n\n\n\n<p>Sie k\u00f6nnen uns wie folgt unterst\u00fctzen:<\/p>\n\n\n\n<p>\u2023&nbsp;1,50 m2&nbsp;Sponsoring Notunterkunft &#8211; Beitrag einmalig 1.500 Euro&nbsp;<br>\u2023&nbsp;1,00 m2&nbsp;Sponsoring Notunterkunft &#8211; Beitrag einmalig 1.000 Euro&nbsp;<br>\u2023&nbsp;0,50 m2&nbsp;Sponsoring Notunterkunft &#8211; Beitrag einmalig 500 Euro<br>\u2023&nbsp;0,25 m2&nbsp;Sponsoring Notunterkunft &#8211; Beitrag einmalig 250 Euro<\/p>\n\n\n\n<p>Ebenso k\u00f6nnen sie die Patenschaft f\u00fcr einen Kinderplatz zur Deckung der Betriebskosten \u00fcbernehmen. Die Patenschaft betr\u00e4gt 150 Euro\/Jahr und l\u00e4uft \u00fcber mindestens 3 Jahre.<\/p>\n\n\n\n<p>Gerne k\u00f6nnen Sie auch individuell einen Betrag ansetzen \u00fcber welchen wir eine Sponsoring Rechnung ausstellen k\u00f6nnen.<\/p>\n\n\n\n<p>Wir freuen uns auf eine Nachricht und danken euch herzlich!<\/p>\n","protected":false},"excerpt":{"rendered":"<p>SponseringHerunterladen Liebe Interessierte unseres&nbsp;Wald- und Naturkindergarten Schlossbergkinder,&nbsp;wir freuen uns, dass Sie \u00fcber die Unterst\u00fctzung unseres Projektes nachdenken. Da wir von Seiten der Kommunen keine Investitionskostenunterst\u00fctzung unserer Notunterkunft bekommen sind wir auf die Unterst\u00fctzung von Sponsoren angewiesen.Sie erhalten von uns eine Rechnung f\u00fcr Sponsoring, die sie dann beim Finanzamt als Ausgaben geltend machen k\u00f6nnen. Vor allem unsere Notunterkunft verschlingt hohe Kosten. Wir sind verpflichtet f\u00fcr jedes Kind&nbsp;mindestens&nbsp;1,5 m2&nbsp;an Raum zur Verf\u00fcgung zu stellen. Bei einer Gruppenzulassung von 25 Kindern hat unsere Schutzh\u00fctte \u00fcber 40 m2. Sie k\u00f6nnen uns wie folgt unterst\u00fctzen: \u2023&nbsp;1,50 m2&nbsp;Sponsoring Notunterkunft &#8211; Beitrag einmalig 1.500 Euro&nbsp;\u2023&nbsp;1,00 m2&nbsp;Sponsoring Notunterkunft &#8211; Beitrag einmalig 1.000 Euro&nbsp;\u2023&nbsp;0,50 m2&nbsp;Sponsoring Notunterkunft &#8211; Beitrag einmalig 500 Euro\u2023&nbsp;0,25 m2&nbsp;Sponsoring Notunterkunft &#8211; Beitrag einmalig 250 Euro Ebenso k\u00f6nnen sie die Patenschaft f\u00fcr einen Kinderplatz zur Deckung der Betriebskosten \u00fcbernehmen. Die Patenschaft betr\u00e4gt 150 Euro\/Jahr und l\u00e4uft \u00fcber mindestens 3 Jahre. Gerne k\u00f6nnen Sie auch individuell einen Betrag ansetzen \u00fcber welchen wir eine Sponsoring Rechnung ausstellen k\u00f6nnen. Wir freuen uns auf eine Nachricht und danken euch herzlich!<\/p>\n","protected":false},"author":1,"featured_media":0,"parent":0,"menu_order":0,"comment_status":"closed","ping_status":"closed","template":"","meta":{"footnotes":""},"class_list":["post-72","page","type-page","status-publish","hentry"],"_links":{"self":[{"href":"https:\/\/schlossbergkinder.de\/index.php?rest_route=\/wp\/v2\/pages\/72","targetHints":{"allow":["GET"]}}],"collection":[{"href":"https:\/\/schlossbergkinder.de\/index.php?rest_route=\/wp\/v2\/pages"}],"about":[{"href":"https:\/\/schlossbergkinder.de\/index.php?rest_route=\/wp\/v2\/types\/page"}],"author":[{"embeddable":true,"href":"https:\/\/schlossbergkinder.de\/index.php?rest_route=\/wp\/v2\/users\/1"}],"replies":[{"embeddable":true,"href":"https:\/\/schlossbergkinder.de\/index.php?rest_route=%2Fwp%2Fv2%2Fcomments&post=72"}],"version-history":[{"count":2,"href":"https:\/\/schlossbergkinder.de\/index.php?rest_route=\/wp\/v2\/pages\/72\/revisions"}],"predecessor-version":[{"id":75,"href":"https:\/\/schlossbergkinder.de\/index.php?rest_route=\/wp\/v2\/pages\/72\/revisions\/75"}],"wp:attachment":[{"href":"https:\/\/schlossbergkinder.de\/index.php?rest_route=%2Fwp%2Fv2%2Fmedia&parent=72"}],"curies":[{"name":"wp","href":"https:\/\/api.w.org\/{rel}","templated":true}]}}