{"id":76,"date":"2023-05-04T15:15:09","date_gmt":"2023-05-04T15:15:09","guid":{"rendered":"https:\/\/schlossbergkinder.de\/?page_id=76"},"modified":"2023-05-04T15:15:10","modified_gmt":"2023-05-04T15:15:10","slug":"unsere-sponsoren","status":"publish","type":"page","link":"https:\/\/schlossbergkinder.de\/?page_id=76","title":{"rendered":"Unsere Sponsoren"},"content":{"rendered":"\n<p>Ein herzliches Dankesch\u00f6n an unsere unterst\u00fctzenden Firmen, sowie all unseren privaten Sponsoren und den flei\u00dfigen H\u00e4nden seit unserer Startidee! Ohne Euch w\u00e4re vieles nicht m\u00f6glich!<\/p>\n\n\n\n<p><\/p>\n\n\n\n<div class=\"wp-block-columns is-layout-flex wp-container-core-columns-is-layout-9d6595d7 wp-block-columns-is-layout-flex\">\n<div class=\"wp-block-column is-layout-flow wp-block-column-is-layout-flow\">\n<figure class=\"wp-block-image size-full\"><img loading=\"lazy\" decoding=\"async\" width=\"816\" height=\"242\" src=\"https:\/\/schlossbergkinder.de\/wp-content\/uploads\/2023\/05\/logo_rematec.jpg\" alt=\"\" class=\"wp-image-77\" srcset=\"https:\/\/schlossbergkinder.de\/wp-content\/uploads\/2023\/05\/logo_rematec.jpg 816w, https:\/\/schlossbergkinder.de\/wp-content\/uploads\/2023\/05\/logo_rematec-300x89.jpg 300w, https:\/\/schlossbergkinder.de\/wp-content\/uploads\/2023\/05\/logo_rematec-768x228.jpg 768w\" sizes=\"auto, (max-width: 816px) 100vw, 816px\" \/><\/figure>\n<\/div>\n\n\n\n<div class=\"wp-block-column is-layout-flow wp-block-column-is-layout-flow\">\n<figure class=\"wp-block-image size-full\"><img loading=\"lazy\" decoding=\"async\" width=\"816\" height=\"223\" src=\"https:\/\/schlossbergkinder.de\/wp-content\/uploads\/2023\/05\/kell_logo_quer_sw.jpg\" alt=\"\" class=\"wp-image-78\" srcset=\"https:\/\/schlossbergkinder.de\/wp-content\/uploads\/2023\/05\/kell_logo_quer_sw.jpg 816w, https:\/\/schlossbergkinder.de\/wp-content\/uploads\/2023\/05\/kell_logo_quer_sw-300x82.jpg 300w, https:\/\/schlossbergkinder.de\/wp-content\/uploads\/2023\/05\/kell_logo_quer_sw-768x210.jpg 768w\" sizes=\"auto, (max-width: 816px) 100vw, 816px\" \/><\/figure>\n<\/div>\n\n\n\n<div class=\"wp-block-column is-layout-flow wp-block-column-is-layout-flow\">\n<figure class=\"wp-block-image size-full\"><img loading=\"lazy\" decoding=\"async\" width=\"816\" height=\"196\" src=\"https:\/\/schlossbergkinder.de\/wp-content\/uploads\/2023\/05\/logo_schmid.jpg\" alt=\"\" class=\"wp-image-79\" srcset=\"https:\/\/schlossbergkinder.de\/wp-content\/uploads\/2023\/05\/logo_schmid.jpg 816w, https:\/\/schlossbergkinder.de\/wp-content\/uploads\/2023\/05\/logo_schmid-300x72.jpg 300w, https:\/\/schlossbergkinder.de\/wp-content\/uploads\/2023\/05\/logo_schmid-768x184.jpg 768w\" sizes=\"auto, (max-width: 816px) 100vw, 816px\" \/><\/figure>\n<\/div>\n<\/div>\n\n\n\n<figure class=\"wp-block-image size-full\"><img loading=\"lazy\" decoding=\"async\" width=\"1024\" height=\"683\" src=\"https:\/\/schlossbergkinder.de\/wp-content\/uploads\/2023\/05\/Pfeiferlmacha.jpg\" alt=\"\" class=\"wp-image-80\" srcset=\"https:\/\/schlossbergkinder.de\/wp-content\/uploads\/2023\/05\/Pfeiferlmacha.jpg 1024w, https:\/\/schlossbergkinder.de\/wp-content\/uploads\/2023\/05\/Pfeiferlmacha-300x200.jpg 300w, https:\/\/schlossbergkinder.de\/wp-content\/uploads\/2023\/05\/Pfeiferlmacha-768x512.jpg 768w, https:\/\/schlossbergkinder.de\/wp-content\/uploads\/2023\/05\/Pfeiferlmacha-120x80.jpg 120w, https:\/\/schlossbergkinder.de\/wp-content\/uploads\/2023\/05\/Pfeiferlmacha-255x170.jpg 255w, https:\/\/schlossbergkinder.de\/wp-content\/uploads\/2023\/05\/Pfeiferlmacha-345x230.jpg 345w\" sizes=\"auto, (max-width: 1024px) 100vw, 1024px\" \/><figcaption class=\"wp-element-caption\">Die \u201ePfeiferlmacha-H\u00fctte\u201c hat vom Erl\u00f6s ihres Oktoberfestes einen UlfBo-Bollerwagen spendiert. Herzlichen Dank daf\u00fcr!<\/figcaption><\/figure>\n\n\n\n<div style=\"height:37px\" aria-hidden=\"true\" class=\"wp-block-spacer\"><\/div>\n\n\n\n<figure class=\"wp-block-image size-full\"><img loading=\"lazy\" decoding=\"async\" width=\"1024\" height=\"683\" src=\"https:\/\/schlossbergkinder.de\/wp-content\/uploads\/2023\/05\/Kulturwirt.jpg\" alt=\"\" class=\"wp-image-81\" srcset=\"https:\/\/schlossbergkinder.de\/wp-content\/uploads\/2023\/05\/Kulturwirt.jpg 1024w, https:\/\/schlossbergkinder.de\/wp-content\/uploads\/2023\/05\/Kulturwirt-300x200.jpg 300w, https:\/\/schlossbergkinder.de\/wp-content\/uploads\/2023\/05\/Kulturwirt-768x512.jpg 768w, https:\/\/schlossbergkinder.de\/wp-content\/uploads\/2023\/05\/Kulturwirt-120x80.jpg 120w, https:\/\/schlossbergkinder.de\/wp-content\/uploads\/2023\/05\/Kulturwirt-255x170.jpg 255w, https:\/\/schlossbergkinder.de\/wp-content\/uploads\/2023\/05\/Kulturwirt-345x230.jpg 345w\" sizes=\"auto, (max-width: 1024px) 100vw, 1024px\" \/><figcaption class=\"wp-element-caption\">Der KulturWirt hat unser Team \u201ewetterfest\u201c gemacht und mit Arbeitskleidung ausgestattet. Vielen Dank!&nbsp;<\/figcaption><\/figure>\n\n\n\n<figure class=\"wp-block-image size-full\"><img loading=\"lazy\" decoding=\"async\" width=\"300\" height=\"150\" src=\"https:\/\/schlossbergkinder.de\/wp-content\/uploads\/2023\/05\/logo.png\" alt=\"\" class=\"wp-image-82\"\/><\/figure>\n","protected":false},"excerpt":{"rendered":"<p>Ein herzliches Dankesch\u00f6n an unsere unterst\u00fctzenden Firmen, sowie all unseren privaten Sponsoren und den flei\u00dfigen H\u00e4nden seit unserer Startidee! Ohne Euch w\u00e4re vieles nicht m\u00f6glich! Die \u201ePfeiferlmacha-H\u00fctte\u201c hat vom Erl\u00f6s ihres Oktoberfestes einen UlfBo-Bollerwagen spendiert. Herzlichen Dank daf\u00fcr! Der KulturWirt hat unser Team \u201ewetterfest\u201c gemacht und mit Arbeitskleidung ausgestattet. Vielen Dank!&nbsp;<\/p>\n","protected":false},"author":1,"featured_media":0,"parent":0,"menu_order":0,"comment_status":"closed","ping_status":"closed","template":"","meta":{"footnotes":""},"class_list":["post-76","page","type-page","status-publish","hentry"],"_links":{"self":[{"href":"https:\/\/schlossbergkinder.de\/index.php?rest_route=\/wp\/v2\/pages\/76","targetHints":{"allow":["GET"]}}],"collection":[{"href":"https:\/\/schlossbergkinder.de\/index.php?rest_route=\/wp\/v2\/pages"}],"about":[{"href":"https:\/\/schlossbergkinder.de\/index.php?rest_route=\/wp\/v2\/types\/page"}],"author":[{"embeddable":true,"href":"https:\/\/schlossbergkinder.de\/index.php?rest_route=\/wp\/v2\/users\/1"}],"replies":[{"embeddable":true,"href":"https:\/\/schlossbergkinder.de\/index.php?rest_route=%2Fwp%2Fv2%2Fcomments&post=76"}],"version-history":[{"count":1,"href":"https:\/\/schlossbergkinder.de\/index.php?rest_route=\/wp\/v2\/pages\/76\/revisions"}],"predecessor-version":[{"id":83,"href":"https:\/\/schlossbergkinder.de\/index.php?rest_route=\/wp\/v2\/pages\/76\/revisions\/83"}],"wp:attachment":[{"href":"https:\/\/schlossbergkinder.de\/index.php?rest_route=%2Fwp%2Fv2%2Fmedia&parent=76"}],"curies":[{"name":"wp","href":"https:\/\/api.w.org\/{rel}","templated":true}]}}